{"id":91,"date":"2021-11-15T22:41:17","date_gmt":"2021-11-15T22:41:17","guid":{"rendered":"http:\/\/baroque-games.de\/?page_id=91"},"modified":"2022-12-13T16:54:30","modified_gmt":"2022-12-13T16:54:30","slug":"axon-protocol","status":"publish","type":"page","link":"https:\/\/baroque-games.de\/en\/axon-protocol\/","title":{"rendered":""},"content":{"rendered":"\n<figure class=\"wp-block-gallery aligncenter has-nested-images columns-default is-cropped wp-block-gallery-1 is-layout-flex wp-block-gallery-is-layout-flex\">\n<figure class=\"wp-block-image size-full\"><a href=\"http:\/\/baroque-games.de\/wp-content\/uploads\/2022\/09\/Overview_Tabletopia.jpg\"><img loading=\"lazy\" decoding=\"async\" width=\"680\" height=\"720\" data-id=\"3357\" src=\"http:\/\/baroque-games.de\/wp-content\/uploads\/2022\/09\/Overview_Tabletopia.jpg\" alt=\"\" class=\"wp-image-3357\" srcset=\"https:\/\/baroque-games.de\/wp-content\/uploads\/2022\/09\/Overview_Tabletopia.jpg 680w, https:\/\/baroque-games.de\/wp-content\/uploads\/2022\/09\/Overview_Tabletopia-11x12.jpg 11w\" sizes=\"(max-width: 680px) 100vw, 680px\" \/><\/a><\/figure>\n\n\n\n<figure class=\"wp-block-image size-full\"><a href=\"http:\/\/baroque-games.de\/wp-content\/uploads\/2021\/12\/Taxidriver_final_03_small.jpg\"><img loading=\"lazy\" decoding=\"async\" width=\"908\" height=\"960\" data-id=\"3250\" src=\"http:\/\/baroque-games.de\/wp-content\/uploads\/2021\/12\/Taxidriver_final_03_small.jpg\" alt=\"\" class=\"wp-image-3250\" srcset=\"https:\/\/baroque-games.de\/wp-content\/uploads\/2021\/12\/Taxidriver_final_03_small.jpg 908w, https:\/\/baroque-games.de\/wp-content\/uploads\/2021\/12\/Taxidriver_final_03_small-768x812.jpg 768w\" sizes=\"(max-width: 908px) 100vw, 908px\" \/><\/a><\/figure>\n\n\n\n<figure class=\"wp-block-image size-full\"><a href=\"http:\/\/baroque-games.de\/wp-content\/uploads\/2021\/12\/CorporateCEO_final_small.jpg\"><img loading=\"lazy\" decoding=\"async\" width=\"640\" height=\"676\" data-id=\"3259\" src=\"http:\/\/baroque-games.de\/wp-content\/uploads\/2021\/12\/CorporateCEO_final_small.jpg\" alt=\"\" class=\"wp-image-3259\"\/><\/a><\/figure>\n\n\n\n<figure class=\"wp-block-image size-full\"><a href=\"http:\/\/baroque-games.de\/wp-content\/uploads\/2021\/12\/Reporter-AAS-final_03_small.jpg\"><img loading=\"lazy\" decoding=\"async\" width=\"640\" height=\"896\" data-id=\"3245\" src=\"http:\/\/baroque-games.de\/wp-content\/uploads\/2021\/12\/Reporter-AAS-final_03_small.jpg\" alt=\"\" class=\"wp-image-3245\"\/><\/a><\/figure>\n\n\n\n<figure class=\"wp-block-image size-full\"><a href=\"http:\/\/baroque-games.de\/wp-content\/uploads\/2021\/12\/SoftwareCards1_001.jpg\"><img loading=\"lazy\" decoding=\"async\" width=\"1280\" height=\"720\" data-id=\"3246\" src=\"http:\/\/baroque-games.de\/wp-content\/uploads\/2021\/12\/SoftwareCards1_001.jpg\" alt=\"\" class=\"wp-image-3246\" srcset=\"https:\/\/baroque-games.de\/wp-content\/uploads\/2021\/12\/SoftwareCards1_001.jpg 1280w, https:\/\/baroque-games.de\/wp-content\/uploads\/2021\/12\/SoftwareCards1_001-768x432.jpg 768w\" sizes=\"(max-width: 1280px) 100vw, 1280px\" \/><\/a><\/figure>\n\n\n\n<figure class=\"wp-block-image size-full\"><a href=\"http:\/\/baroque-games.de\/wp-content\/uploads\/2021\/12\/Axon-Yakuzaboss-03_small.jpg\"><img loading=\"lazy\" decoding=\"async\" width=\"789\" height=\"960\" data-id=\"3256\" src=\"http:\/\/baroque-games.de\/wp-content\/uploads\/2021\/12\/Axon-Yakuzaboss-03_small.jpg\" alt=\"\" class=\"wp-image-3256\" srcset=\"https:\/\/baroque-games.de\/wp-content\/uploads\/2021\/12\/Axon-Yakuzaboss-03_small.jpg 789w, https:\/\/baroque-games.de\/wp-content\/uploads\/2021\/12\/Axon-Yakuzaboss-03_small-768x934.jpg 768w\" sizes=\"(max-width: 789px) 100vw, 789px\" \/><\/a><\/figure>\n\n\n\n<figure class=\"wp-block-image size-full\"><a href=\"http:\/\/baroque-games.de\/wp-content\/uploads\/2021\/12\/SoftwareCards2_Attacks2.jpg\"><img loading=\"lazy\" decoding=\"async\" width=\"1280\" height=\"720\" data-id=\"3247\" src=\"http:\/\/baroque-games.de\/wp-content\/uploads\/2021\/12\/SoftwareCards2_Attacks2.jpg\" alt=\"\" class=\"wp-image-3247\" srcset=\"https:\/\/baroque-games.de\/wp-content\/uploads\/2021\/12\/SoftwareCards2_Attacks2.jpg 1280w, https:\/\/baroque-games.de\/wp-content\/uploads\/2021\/12\/SoftwareCards2_Attacks2-768x432.jpg 768w\" sizes=\"(max-width: 1280px) 100vw, 1280px\" \/><\/a><\/figure>\n\n\n\n<figure class=\"wp-block-image size-full\"><a href=\"http:\/\/baroque-games.de\/wp-content\/uploads\/2021\/12\/Axon-Netrunner-AAS-small.jpg\"><img loading=\"lazy\" decoding=\"async\" width=\"732\" height=\"1024\" data-id=\"3253\" src=\"http:\/\/baroque-games.de\/wp-content\/uploads\/2021\/12\/Axon-Netrunner-AAS-small.jpg\" alt=\"\" class=\"wp-image-3253\"\/><\/a><\/figure>\n\n\n\n<figure class=\"wp-block-image size-full\"><a href=\"http:\/\/baroque-games.de\/wp-content\/uploads\/2021\/12\/SoftwareCards3_Utils.jpg\"><img loading=\"lazy\" decoding=\"async\" width=\"1280\" height=\"720\" data-id=\"3248\" src=\"http:\/\/baroque-games.de\/wp-content\/uploads\/2021\/12\/SoftwareCards3_Utils.jpg\" alt=\"\" class=\"wp-image-3248\" srcset=\"https:\/\/baroque-games.de\/wp-content\/uploads\/2021\/12\/SoftwareCards3_Utils.jpg 1280w, https:\/\/baroque-games.de\/wp-content\/uploads\/2021\/12\/SoftwareCards3_Utils-768x432.jpg 768w\" sizes=\"(max-width: 1280px) 100vw, 1280px\" \/><\/a><\/figure>\n\n\n\n<figure class=\"wp-block-image size-full\"><a href=\"http:\/\/baroque-games.de\/wp-content\/uploads\/2021\/12\/MimeticIce_final_004_small.jpg\"><img loading=\"lazy\" decoding=\"async\" width=\"860\" height=\"766\" data-id=\"3243\" src=\"http:\/\/baroque-games.de\/wp-content\/uploads\/2021\/12\/MimeticIce_final_004_small.jpg\" alt=\"\" class=\"wp-image-3243\" srcset=\"https:\/\/baroque-games.de\/wp-content\/uploads\/2021\/12\/MimeticIce_final_004_small.jpg 860w, https:\/\/baroque-games.de\/wp-content\/uploads\/2021\/12\/MimeticIce_final_004_small-768x684.jpg 768w\" sizes=\"(max-width: 860px) 100vw, 860px\" \/><\/a><\/figure>\n\n\n\n<figure class=\"wp-block-image size-full\"><a href=\"http:\/\/baroque-games.de\/wp-content\/uploads\/2021\/12\/Icebreaker_test_002_small.jpg\"><img loading=\"lazy\" decoding=\"async\" width=\"860\" height=\"766\" data-id=\"3239\" src=\"http:\/\/baroque-games.de\/wp-content\/uploads\/2021\/12\/Icebreaker_test_002_small.jpg\" alt=\"\" class=\"wp-image-3239\" srcset=\"https:\/\/baroque-games.de\/wp-content\/uploads\/2021\/12\/Icebreaker_test_002_small.jpg 860w, https:\/\/baroque-games.de\/wp-content\/uploads\/2021\/12\/Icebreaker_test_002_small-768x684.jpg 768w\" sizes=\"(max-width: 860px) 100vw, 860px\" \/><\/a><\/figure>\n\n\n\n<figure class=\"wp-block-image size-full\"><a href=\"http:\/\/baroque-games.de\/wp-content\/uploads\/2021\/12\/MilitaryAndroid_small.jpg\"><img loading=\"lazy\" decoding=\"async\" width=\"843\" height=\"1024\" data-id=\"3242\" src=\"http:\/\/baroque-games.de\/wp-content\/uploads\/2021\/12\/MilitaryAndroid_small.jpg\" alt=\"\" class=\"wp-image-3242\" srcset=\"https:\/\/baroque-games.de\/wp-content\/uploads\/2021\/12\/MilitaryAndroid_small.jpg 843w, https:\/\/baroque-games.de\/wp-content\/uploads\/2021\/12\/MilitaryAndroid_small-768x933.jpg 768w\" sizes=\"(max-width: 843px) 100vw, 843px\" \/><\/a><\/figure>\n\n\n\n<figure class=\"wp-block-image size-full\"><a href=\"http:\/\/baroque-games.de\/wp-content\/uploads\/2021\/12\/Datafortress_final_002_small.jpg\"><img loading=\"lazy\" decoding=\"async\" width=\"860\" height=\"766\" data-id=\"3261\" src=\"http:\/\/baroque-games.de\/wp-content\/uploads\/2021\/12\/Datafortress_final_002_small.jpg\" alt=\"\" class=\"wp-image-3261\" srcset=\"https:\/\/baroque-games.de\/wp-content\/uploads\/2021\/12\/Datafortress_final_002_small.jpg 860w, https:\/\/baroque-games.de\/wp-content\/uploads\/2021\/12\/Datafortress_final_002_small-768x684.jpg 768w\" sizes=\"(max-width: 860px) 100vw, 860px\" \/><\/a><\/figure>\n\n\n\n<figure class=\"wp-block-image size-full\"><a href=\"http:\/\/baroque-games.de\/wp-content\/uploads\/2021\/12\/FleshMechanic-AAS-final_small.jpg\"><img loading=\"lazy\" decoding=\"async\" width=\"1097\" height=\"1024\" data-id=\"3262\" src=\"http:\/\/baroque-games.de\/wp-content\/uploads\/2021\/12\/FleshMechanic-AAS-final_small.jpg\" alt=\"\" class=\"wp-image-3262\" srcset=\"https:\/\/baroque-games.de\/wp-content\/uploads\/2021\/12\/FleshMechanic-AAS-final_small.jpg 1097w, https:\/\/baroque-games.de\/wp-content\/uploads\/2021\/12\/FleshMechanic-AAS-final_small-768x717.jpg 768w\" sizes=\"(max-width: 1097px) 100vw, 1097px\" \/><\/a><\/figure>\n\n\n\n<figure class=\"wp-block-image size-full\"><a href=\"http:\/\/baroque-games.de\/wp-content\/uploads\/2021\/12\/StreetSamurai_final_02_small.jpg\"><img loading=\"lazy\" decoding=\"async\" width=\"878\" height=\"1024\" data-id=\"3249\" src=\"http:\/\/baroque-games.de\/wp-content\/uploads\/2021\/12\/StreetSamurai_final_02_small.jpg\" alt=\"\" class=\"wp-image-3249\" srcset=\"https:\/\/baroque-games.de\/wp-content\/uploads\/2021\/12\/StreetSamurai_final_02_small.jpg 878w, https:\/\/baroque-games.de\/wp-content\/uploads\/2021\/12\/StreetSamurai_final_02_small-768x896.jpg 768w\" sizes=\"(max-width: 878px) 100vw, 878px\" \/><\/a><\/figure>\n<\/figure>\n\n\n\n<p class=\"has-text-align-center has-text-color has-medium-font-size\" style=\"color:#fae58c\"><br><br><br><br><\/p>\n\n\n\n<p class=\"has-text-align-center has-text-color\" style=\"color:#fae58c\"><\/p>\n\n\n\n<p class=\"has-text-align-center has-text-color has-medium-font-size\" style=\"color:#fae58c\">AXON PROTOCOL ist ein Spiel f\u00fcr 2-6 Spieler mit einer einzigartigen Spielmechanik.<br>Wir nennen sie \u201eShared Worker Placement\u201c.<br><br>Axon Protocol [AP] ist ein Cyberpunk Spiel \u00fcber Konzernkriege und Gehirnhacking.<br>Du bist ein m\u00e4chtiger Hacker im Dienste eines Megakonzerns.<br><br>Dein Job: Hacke dich in die Gehirne nichtsahnender Stadtbewohner und manipuliere ihr Verhalten wie es dir gef\u00e4llt.<br><br>Dein Ziel: Sammle so viele Resourcen wie m\u00f6glich f\u00fcr deinen Konzern (Augmentierungen, Drogen, Konsumprodukte, \u2026) <br>und maximiere den Profit, ohne R\u00fccksicht auf Verluste.<br>Das richtige Timing ist entscheidend. Gegnerische Hacker bek\u00e4mpfen dich auf Schritt und Tritt,<br>und irgendwann wird die Stadt unter dem Konzernkrieg zusammenbrechen. <br>Chaos und Anarchie werden die Folgen sein. Es spielt keine Rolle. Es gibt immer eine weitere Stadt.<\/p>\n\n\n\n<p class=\"has-text-align-center has-text-color has-medium-font-size\" style=\"color:#fae58c\">Jeder einzelne Charakter im Spiel hat seine eigene Routine und Fertigkeiten. Jeder Charakter kann gehackt <br>und manipuliert werden. Die M\u00f6glichkeiten sind schier endlos.<br><br>Mit \u00fcber 30 einzigartigen Charakteren und 6 verschiedenen Konzernen mit eigenen Spezialf\u00e4higkeiten <br>wird jede Partie von Axon Protocol ihre ganz eigene Geschichte erz\u00e4hlen!<\/p>\n\n\n\n<p class=\"has-text-align-center has-text-color\" style=\"color:#fae58c\"><br><br><br><br><br><\/p>\n\n\n\n<div class=\"wp-block-buttons is-horizontal is-content-justification-center is-layout-flex wp-container-core-buttons-layout-1 wp-block-buttons-is-layout-flex\">\n<div class=\"wp-block-button\"><a class=\"wp-block-button__link has-background no-border-radius wp-element-button\" href=\"https:\/\/boardgamegeek.com\/boardgame\/322158\/axon-protocol\" style=\"background-color:#d1a84b\" target=\"_blank\" rel=\"noreferrer noopener\">BGG<\/a><\/div>\n\n\n\n<div class=\"wp-block-button is-style-fill\"><a class=\"wp-block-button__link has-background no-border-radius wp-element-button\" href=\"https:\/\/www.facebook.com\/AxonProtocol\/\" style=\"background-color:#d1a84b\" target=\"_blank\" rel=\"noreferrer noopener\">Facebook<\/a><\/div>\n<\/div>\n","protected":false},"excerpt":{"rendered":"<p>AXON PROTOCOL ist ein Spiel f\u00fcr 2-6 Spieler mit einer einzigartigen Spielmechanik.Wir nennen sie \u201eShared Worker Placement\u201c. Axon Protocol [AP] ist ein Cyberpunk Spiel \u00fcber Konzernkriege und Gehirnhacking.Du bist ein m\u00e4chtiger Hacker im Dienste eines Megakonzerns. Dein Job: Hacke dich in die Gehirne nichtsahnender Stadtbewohner und manipuliere ihr Verhalten wie es dir gef\u00e4llt. [&hellip;]<\/p>\n","protected":false},"author":1,"featured_media":0,"parent":0,"menu_order":0,"comment_status":"closed","ping_status":"closed","template":"","meta":{"footnotes":""},"_links":{"self":[{"href":"https:\/\/baroque-games.de\/en\/wp-json\/wp\/v2\/pages\/91"}],"collection":[{"href":"https:\/\/baroque-games.de\/en\/wp-json\/wp\/v2\/pages"}],"about":[{"href":"https:\/\/baroque-games.de\/en\/wp-json\/wp\/v2\/types\/page"}],"author":[{"embeddable":true,"href":"https:\/\/baroque-games.de\/en\/wp-json\/wp\/v2\/users\/1"}],"replies":[{"embeddable":true,"href":"https:\/\/baroque-games.de\/en\/wp-json\/wp\/v2\/comments?post=91"}],"version-history":[{"count":16,"href":"https:\/\/baroque-games.de\/en\/wp-json\/wp\/v2\/pages\/91\/revisions"}],"predecessor-version":[{"id":3398,"href":"https:\/\/baroque-games.de\/en\/wp-json\/wp\/v2\/pages\/91\/revisions\/3398"}],"wp:attachment":[{"href":"https:\/\/baroque-games.de\/en\/wp-json\/wp\/v2\/media?parent=91"}],"curies":[{"name":"wp","href":"https:\/\/api.w.org\/{rel}","templated":true}]}}